{"id":32922,"date":"2022-10-14T13:50:17","date_gmt":"2022-10-14T11:50:17","guid":{"rendered":"https:\/\/pecho.hr\/rolunk\/"},"modified":"2025-02-13T01:09:12","modified_gmt":"2025-02-13T00:09:12","slug":"rolunk","status":"publish","type":"page","link":"https:\/\/pecho.hr\/hu\/rolunk\/","title":{"rendered":"R\u00f3lunk"},"content":{"rendered":"<p>[et_pb_section fb_built=&#8221;1&#8243; fullwidth=&#8221;on&#8221; _builder_version=&#8221;4.16&#8243; global_colors_info=&#8221;{}&#8221;][et_pb_fullwidth_header title=&#8221;R\u00f3lunk&#8221; subhead=&#8221;PECHO&#8221; text_orientation=&#8221;center&#8221; button_one_text=&#8221;Aj\u00e1nlatk\u00e9r\u00e9s k\u00fcld\u00e9se&#8221; button_one_url=&#8221;https:\/\/pecho.hr\/kontakt\/&#8221; background_overlay_color=&#8221;rgba(28,28,28,0.32)&#8221; _builder_version=&#8221;4.19.5&#8243; title_font=&#8221;||||||||&#8221; title_font_size=&#8221;80px&#8221; title_line_height=&#8221;1.2em&#8221; subhead_font=&#8221;||||||||&#8221; subhead_font_size=&#8221;25px&#8221; background_color=&#8221;rgba(255, 255, 255, 0)&#8221; background_image=&#8221;https:\/\/pecho.hr\/wp-content\/uploads\/2022\/10\/Custom20Injection20Molding1.jpg&#8221; parallax=&#8221;on&#8221; custom_button_one=&#8221;on&#8221; button_one_text_size=&#8221;18px&#8221; button_one_bg_color=&#8221;#FC6100&#8243; button_one_border_width=&#8221;0px&#8221; button_one_letter_spacing=&#8221;2px&#8221; button_one_font=&#8221;|||on|||||&#8221; button_one_use_icon=&#8221;off&#8221; custom_padding=&#8221;50px||75px|&#8221; custom_padding_tablet=&#8221;&#8221; custom_padding_phone=&#8221;75px||75px|&#8221; custom_padding_last_edited=&#8221;on|phone&#8221; title_font_size_tablet=&#8221;&#8221; title_font_size_phone=&#8221;44px&#8221; title_font_size_last_edited=&#8221;on|phone&#8221; button_one_text_size_tablet=&#8221;&#8221; button_one_text_size_phone=&#8221;14px&#8221; button_one_text_size_last_edited=&#8221;on|phone&#8221; box_shadow_style_button_one=&#8221;preset1&#8243; button_one_letter_spacing_hover=&#8221;2px&#8221; button_one_bg_color_hover=&#8221;#000000&#8243; global_colors_info=&#8221;{}&#8221; button_one_text_size__hover_enabled=&#8221;off&#8221; button_two_text_size__hover_enabled=&#8221;off&#8221; button_one_text_color__hover_enabled=&#8221;off&#8221; button_two_text_color__hover_enabled=&#8221;off&#8221; button_one_border_width__hover_enabled=&#8221;off&#8221; button_two_border_width__hover_enabled=&#8221;off&#8221; button_one_border_color__hover_enabled=&#8221;off&#8221; button_two_border_color__hover_enabled=&#8221;off&#8221; button_one_border_radius__hover_enabled=&#8221;off&#8221; button_two_border_radius__hover_enabled=&#8221;off&#8221; button_one_letter_spacing__hover_enabled=&#8221;on&#8221; button_one_letter_spacing__hover=&#8221;2px&#8221; button_two_letter_spacing__hover_enabled=&#8221;off&#8221; button_one_bg_color__hover_enabled=&#8221;on&#8221; button_one_bg_color__hover=&#8221;#000000&#8243; button_two_bg_color__hover_enabled=&#8221;off&#8221;][\/et_pb_fullwidth_header][\/et_pb_section][et_pb_section fb_built=&#8221;1&#8243; _builder_version=&#8221;4.16&#8243; global_colors_info=&#8221;{}&#8221;][et_pb_row column_structure=&#8221;1_2,1_2&#8243; make_equal=&#8221;on&#8221; _builder_version=&#8221;4.16&#8243; background_size=&#8221;initial&#8221; background_position=&#8221;top_left&#8221; background_repeat=&#8221;repeat&#8221; global_colors_info=&#8221;{}&#8221;][et_pb_column type=&#8221;1_2&#8243; _builder_version=&#8221;4.16&#8243; custom_padding=&#8221;|||&#8221; global_colors_info=&#8221;{}&#8221; custom_padding__hover=&#8221;|||&#8221;][et_pb_text _builder_version=&#8221;4.18.0&#8243; animation_style=&#8221;slide&#8221; animation_direction=&#8221;left&#8221; global_colors_info=&#8221;{}&#8221;]<\/p>\n<h2>R\u00f3lunk \u2013 kik vagyunk mi?<\/h2>\n<p>[\/et_pb_text][et_pb_divider color=&#8221;#000000&#8243; divider_position=&#8221;center&#8221; _builder_version=&#8221;4.16&#8243; max_width=&#8221;20%&#8221; animation_style=&#8221;slide&#8221; animation_direction=&#8221;left&#8221; global_colors_info=&#8221;{}&#8221;][\/et_pb_divider][et_pb_text ul_item_indent=&#8221;40px&#8221; _builder_version=&#8221;4.20.2&#8243; ul_line_height=&#8221;2.1em&#8221; animation_style=&#8221;slide&#8221; animation_direction=&#8221;left&#8221; global_colors_info=&#8221;{}&#8221;]<\/p>\n<p>Mi vagyunk a Pecho, egy 1968-ban alap\u00edtott, \u00f6tven\u00e9ves hagyom\u00e1nyokra \u00e9p\u00fcl\u0151 v\u00e1llalkoz\u00e1s. K\u00e1belkonfekcion\u00e1l\u00e1ssal, aut\u00f3ipari, mez\u0151gazdas\u00e1gi \u00e9s villamosipari alkatr\u00e9szek gy\u00e1rt\u00e1s\u00e1val, valamint m\u0171anyag fr\u00f6ccs\u00f6nt\u00e9ssel foglalkozunk. <br \/><span>Minden term\u00e9k\u00fcnket f\u00fcggetlen\u00fcl fejlesztj\u00fck \u00e9s gy\u00e1rtjuk gy\u00e1runkban.<\/span><\/p>\n<p>A sz\u00e9les term\u00e9kv\u00e1laszt\u00e9k mellett a magas term\u00e9kmin\u0151s\u00e9gr\u0151l, a gyors kiszolg\u00e1l\u00e1sr\u00f3l \u00e9s az egyes \u00fcgyfelekhez val\u00f3 egy\u00e9ni hozz\u00e1\u00e1ll\u00e1sr\u00f3l vagyunk ismertek. Ennek k\u00f6sz\u00f6nhet\u0151en C\u00e9g\u00fcnk t\u00f6bb mint 50 \u00e9v ut\u00e1n is jelen van a piacon. <\/p>\n<p>Poz\u00edci\u00f3nk tov\u00e1bbi er\u0151s\u00edt\u00e9se \u00e9rdek\u00e9ben egy\u00fcttm\u0171k\u00f6d\u00fcnk \u00fcgyfeleinkkel a term\u00e9kfejleszt\u00e9sben az \u00f6tlett\u0151l a k\u00e9szterm\u00e9kig. C\u00e9lunk, hogy \u00fcgyfeleinknek kiv\u00e1l\u00f3 min\u0151s\u00e9get, versenyk\u00e9pes \u00e1rakat \u00e9s kiv\u00e1l\u00f3 szolg\u00e1ltat\u00e1st ny\u00fajtsunk. Ezt \u00fagy \u00e9rj\u00fck el, hogy folyamatosan beruh\u00e1zunk gy\u00e1rt\u00e1si folyamatainkba, \u00e9s k\u00f6vetkezetesen betartjuk a megk\u00f6t\u00f6tt meg\u00e1llapod\u00e1sokat.  <\/p>\n<p>Mivel az alkalmazottak a leg\u00e9rt\u00e9kesebb t\u0151k\u00e9t jelentik, folyamatosan befektet\u00fcnk a fejl\u0151d\u00e9s\u00fckbe \u00e9s k\u00e9pz\u00e9s\u00fckbe. A gy\u00e1rt\u00e1si folyamatok optimaliz\u00e1l\u00e1sa lehet\u0151v\u00e9 teszi sz\u00e1munkra, hogy tov\u00e1bbi figyelmet ford\u00edtsunk a k\u00f6rnyezetv\u00e9delemre. Partnerkapcsolatot \u00e9p\u00edt\u00fcnk \u00fcgyfeleinkkel \u00e9s besz\u00e1ll\u00edt\u00f3inkkal, \u00e9s figyelm\u00fcnket az innovat\u00edv \u00e9s gazdas\u00e1gos megold\u00e1sokra \u00f6sszpontos\u00edtjuk.  <\/p>\n<p>A n\u00f6vekv\u0151 \u00fczleti eredm\u00e9nyek \u00e9s a referenci\u00e1k list\u00e1ja igazolja sok\u00e9ves elk\u00f6telezett munk\u00e1nkat \u00e9s magas sz\u00ednvonal\u00fa szolg\u00e1ltat\u00e1sainkat, amelyek c\u00e9lja az \u00e9let \u00e9s a k\u00f6rnyezet v\u00e9delme. A munkat\u00e1rsak szinergi\u00e1ja \u00e9s c\u00e9lorient\u00e1lts\u00e1ga siker\u00fcnk kulcst\u00e9nyez\u0151i. <\/p>\n<p>[\/et_pb_text][\/et_pb_column][et_pb_column type=&#8221;1_2&#8243; _builder_version=&#8221;4.16&#8243; custom_padding=&#8221;|||&#8221; global_colors_info=&#8221;{}&#8221; custom_padding__hover=&#8221;|||&#8221;][et_pb_image src=&#8221;https:\/\/pecho.hr\/wp-content\/uploads\/2022\/10\/about-us.jpg&#8221; align_tablet=&#8221;center&#8221; align_phone=&#8221;&#8221; align_last_edited=&#8221;on|desktop&#8221; _builder_version=&#8221;4.16&#8243; animation_style=&#8221;slide&#8221; animation_direction=&#8221;right&#8221; box_shadow_style=&#8221;preset1&#8243; global_colors_info=&#8221;{}&#8221;][\/et_pb_image][\/et_pb_column][\/et_pb_row][\/et_pb_section][et_pb_section fb_built=&#8221;1&#8243; disabled_on=&#8221;on|on|on&#8221; _builder_version=&#8221;4.18.0&#8243; background_color=&#8221;#f5f5f5&#8243; disabled=&#8221;on&#8221; global_colors_info=&#8221;{}&#8221;][et_pb_row column_structure=&#8221;1_3,1_3,1_3&#8243; _builder_version=&#8221;4.16&#8243; animation_style=&#8221;zoom&#8221; global_colors_info=&#8221;{}&#8221;][et_pb_column type=&#8221;1_3&#8243; _builder_version=&#8221;4.16&#8243; custom_padding=&#8221;|||&#8221; global_colors_info=&#8221;{}&#8221; custom_padding__hover=&#8221;|||&#8221;][et_pb_number_counter title=&#8221;K\u00e1v\u00e9s b\u00f6gr\u00e9k&#8221; number=&#8221;2541&#8243; percent_sign=&#8221;off&#8221; _builder_version=&#8221;4.16&#8243; title_font=&#8221;||||||||&#8221; title_font_size=&#8221;22px&#8221; number_font=&#8221;||||||||&#8221; number_text_color=&#8221;#000000&#8243; number_font_size=&#8221;60px&#8221; custom_padding=&#8221;25px||25px|&#8221; border_width_all=&#8221;1px&#8221; box_shadow_style=&#8221;preset3&#8243; global_colors_info=&#8221;{}&#8221;][\/et_pb_number_counter][\/et_pb_column][et_pb_column type=&#8221;1_3&#8243; _builder_version=&#8221;4.16&#8243; custom_padding=&#8221;|||&#8221; global_colors_info=&#8221;{}&#8221; custom_padding__hover=&#8221;|||&#8221;][et_pb_number_counter title=&#8221;Sikeres projektek&#8221; number=&#8221;265&#8243; percent_sign=&#8221;off&#8221; _builder_version=&#8221;4.16&#8243; title_font=&#8221;||||||||&#8221; title_font_size=&#8221;22px&#8221; number_font=&#8221;||||||||&#8221; number_text_color=&#8221;#000000&#8243; number_font_size=&#8221;60px&#8221; custom_padding=&#8221;25px||25px|&#8221; border_width_all=&#8221;1px&#8221; box_shadow_style=&#8221;preset3&#8243; global_colors_info=&#8221;{}&#8221;][\/et_pb_number_counter][\/et_pb_column][et_pb_column type=&#8221;1_3&#8243; _builder_version=&#8221;4.16&#8243; custom_padding=&#8221;|||&#8221; global_colors_info=&#8221;{}&#8221; custom_padding__hover=&#8221;|||&#8221;][et_pb_number_counter title=&#8221;Boldog \u00fcgyfelek&#8221; number=&#8221;541&#8243; percent_sign=&#8221;off&#8221; _builder_version=&#8221;4.16&#8243; title_font=&#8221;||||||||&#8221; title_font_size=&#8221;22px&#8221; number_font=&#8221;||||||||&#8221; number_text_color=&#8221;#000000&#8243; number_font_size=&#8221;60px&#8221; custom_padding=&#8221;25px||25px|&#8221; border_width_all=&#8221;1px&#8221; box_shadow_style=&#8221;preset3&#8243; global_colors_info=&#8221;{}&#8221;][\/et_pb_number_counter][\/et_pb_column][\/et_pb_row][\/et_pb_section][et_pb_section fb_built=&#8221;1&#8243; disabled_on=&#8221;on|on|on&#8221; _builder_version=&#8221;4.18.0&#8243; background_color=&#8221;#f5f5f5&#8243; custom_padding=&#8221;100px|0px|100px|0px&#8221; disabled=&#8221;on&#8221; global_colors_info=&#8221;{}&#8221;][et_pb_row _builder_version=&#8221;4.16&#8243; animation_style=&#8221;zoom&#8221; global_colors_info=&#8221;{}&#8221;][et_pb_column type=&#8221;4_4&#8243; _builder_version=&#8221;4.16&#8243; custom_padding=&#8221;|||&#8221; global_colors_info=&#8221;{}&#8221; custom_padding__hover=&#8221;|||&#8221;][et_pb_text _builder_version=&#8221;4.16&#8243; header_font=&#8221;||||||||&#8221; header_3_font=&#8221;||||||||&#8221; header_3_text_align=&#8221;center&#8221; global_colors_info=&#8221;{}&#8221;]<\/p>\n<h3>Partnereink<\/h3>\n<p>[\/et_pb_text][\/et_pb_column][\/et_pb_row][et_pb_row column_structure=&#8221;1_4,1_4,1_4,1_4&#8243; _builder_version=&#8221;4.16&#8243; animation_style=&#8221;zoom&#8221; global_colors_info=&#8221;{}&#8221;][et_pb_column type=&#8221;1_4&#8243; _builder_version=&#8221;4.16&#8243; custom_padding=&#8221;|||&#8221; global_colors_info=&#8221;{}&#8221; custom_padding__hover=&#8221;|||&#8221;][et_pb_image src=&#8221;https:\/\/pecho.hr\/wp-content\/uploads\/2022\/10\/Logo-small-1.png&#8221; align=&#8221;center&#8221; align_tablet=&#8221;center&#8221; align_phone=&#8221;&#8221; align_last_edited=&#8221;on|desktop&#8221; _builder_version=&#8221;4.16&#8243; filter_saturate=&#8221;0%&#8221; filter_opacity=&#8221;69%&#8221; global_colors_info=&#8221;{}&#8221;][\/et_pb_image][\/et_pb_column][et_pb_column type=&#8221;1_4&#8243; _builder_version=&#8221;4.16&#8243; custom_padding=&#8221;|||&#8221; global_colors_info=&#8221;{}&#8221; custom_padding__hover=&#8221;|||&#8221;][et_pb_image src=&#8221;https:\/\/pecho.hr\/wp-content\/uploads\/2022\/10\/Logo-small-1.png&#8221; align=&#8221;center&#8221; align_tablet=&#8221;center&#8221; align_phone=&#8221;&#8221; align_last_edited=&#8221;on|desktop&#8221; _builder_version=&#8221;4.16&#8243; filter_saturate=&#8221;0%&#8221; filter_opacity=&#8221;69%&#8221; global_colors_info=&#8221;{}&#8221;][\/et_pb_image][\/et_pb_column][et_pb_column type=&#8221;1_4&#8243; _builder_version=&#8221;4.16&#8243; custom_padding=&#8221;|||&#8221; global_colors_info=&#8221;{}&#8221; custom_padding__hover=&#8221;|||&#8221;][et_pb_image src=&#8221;https:\/\/pecho.hr\/wp-content\/uploads\/2022\/10\/Logo-small-1.png&#8221; align=&#8221;center&#8221; align_tablet=&#8221;center&#8221; align_phone=&#8221;&#8221; align_last_edited=&#8221;on|desktop&#8221; _builder_version=&#8221;4.16&#8243; filter_saturate=&#8221;0%&#8221; filter_opacity=&#8221;69%&#8221; global_colors_info=&#8221;{}&#8221;][\/et_pb_image][\/et_pb_column][et_pb_column type=&#8221;1_4&#8243; _builder_version=&#8221;4.16&#8243; custom_padding=&#8221;|||&#8221; global_colors_info=&#8221;{}&#8221; custom_padding__hover=&#8221;|||&#8221;][et_pb_image src=&#8221;https:\/\/pecho.hr\/wp-content\/uploads\/2022\/10\/Logo-small-1.png&#8221; align=&#8221;center&#8221; align_tablet=&#8221;center&#8221; align_phone=&#8221;&#8221; align_last_edited=&#8221;on|desktop&#8221; _builder_version=&#8221;4.16&#8243; filter_saturate=&#8221;0%&#8221; filter_opacity=&#8221;69%&#8221; global_colors_info=&#8221;{}&#8221;][\/et_pb_image][\/et_pb_column][\/et_pb_row][\/et_pb_section][et_pb_section fb_built=&#8221;1&#8243; _builder_version=&#8221;4.16&#8243; background_color=&#8221;#000000&#8243; custom_padding=&#8221;0px|0px|0px|0px&#8221; saved_tabs=&#8221;all&#8221; global_colors_info=&#8221;{}&#8221;][et_pb_row _builder_version=&#8221;4.20.2&#8243; hover_enabled=&#8221;0&#8243; global_colors_info=&#8221;{}&#8221; custom_margin=&#8221;||0px||false|false&#8221; custom_padding=&#8221;||0px||false|false&#8221; sticky_enabled=&#8221;0&#8243;][et_pb_column type=&#8221;4_4&#8243; _builder_version=&#8221;4.16&#8243; custom_padding=&#8221;|||&#8221; global_colors_info=&#8221;{}&#8221; custom_padding__hover=&#8221;|||&#8221;][et_pb_cta title=&#8221;Szeretn\u00e9 megtudni, hogy mit tudunk k\u00e9sz\u00edteni az \u00d6n sz\u00e1m\u00e1ra?&#8221; button_url=&#8221;https:\/\/pecho.hr\/kontakt\/&#8221; button_text=&#8221;K\u00fcldj\u00f6n nek\u00fcnk egy aj\u00e1nlatk\u00e9r\u00e9st&#8221; _builder_version=&#8221;4.20.2&#8243; background_color=&#8221;#000000&#8243; custom_button=&#8221;on&#8221; button_text_size=&#8221;18px&#8221; button_bg_color=&#8221;#b91b68&#8243; button_border_width=&#8221;0px&#8221; button_border_color=&#8221;#ffffff&#8221; button_letter_spacing=&#8221;2px&#8221; button_font=&#8221;|||on|||||&#8221; button_use_icon=&#8221;off&#8221; animation_style=&#8221;zoom&#8221; hover_enabled=&#8221;0&#8243; button_text_color_hover=&#8221;#000000&#8243; button_bg_color_hover=&#8221;#ffffff&#8221; global_colors_info=&#8221;{}&#8221; button_text_size__hover_enabled=&#8221;off&#8221; button_one_text_size__hover_enabled=&#8221;off&#8221; button_two_text_size__hover_enabled=&#8221;off&#8221; button_text_color__hover_enabled=&#8221;on&#8221; button_text_color__hover=&#8221;#000000&#8243; button_one_text_color__hover_enabled=&#8221;off&#8221; button_two_text_color__hover_enabled=&#8221;off&#8221; button_border_width__hover_enabled=&#8221;off&#8221; button_one_border_width__hover_enabled=&#8221;off&#8221; button_two_border_width__hover_enabled=&#8221;off&#8221; button_border_color__hover_enabled=&#8221;off&#8221; button_one_border_color__hover_enabled=&#8221;off&#8221; button_two_border_color__hover_enabled=&#8221;off&#8221; button_border_radius__hover_enabled=&#8221;off&#8221; button_one_border_radius__hover_enabled=&#8221;off&#8221; button_two_border_radius__hover_enabled=&#8221;off&#8221; button_letter_spacing__hover_enabled=&#8221;off&#8221; button_one_letter_spacing__hover_enabled=&#8221;off&#8221; button_two_letter_spacing__hover_enabled=&#8221;off&#8221; button_bg_color__hover_enabled=&#8221;on&#8221; button_bg_color__hover=&#8221;#ffffff&#8221; button_one_bg_color__hover_enabled=&#8221;off&#8221; button_two_bg_color__hover_enabled=&#8221;off&#8221; sticky_enabled=&#8221;0&#8243;][\/et_pb_cta][\/et_pb_column][\/et_pb_row][\/et_pb_section]<\/p>\n","protected":false},"excerpt":{"rendered":"<p>R\u00f3lunk \u2013 kik vagyunk mi?Mi vagyunk a Pecho, egy 1968-ban alap\u00edtott, \u00f6tven\u00e9ves hagyom\u00e1nyokra \u00e9p\u00fcl\u0151 v\u00e1llalkoz\u00e1s. K\u00e1belkonfekcion\u00e1l\u00e1ssal, aut\u00f3ipari, mez\u0151gazdas\u00e1gi \u00e9s villamosipari alkatr\u00e9szek gy\u00e1rt\u00e1s\u00e1val, valamint m\u0171anyag fr\u00f6ccs\u00f6nt\u00e9ssel foglalkozunk. Minden term\u00e9k\u00fcnket f\u00fcggetlen\u00fcl fejlesztj\u00fck \u00e9s gy\u00e1rtjuk gy\u00e1runkban. A sz\u00e9les term\u00e9kv\u00e1laszt\u00e9k mellett a magas term\u00e9kmin\u0151s\u00e9gr\u0151l, a gyors kiszolg\u00e1l\u00e1sr\u00f3l \u00e9s az egyes \u00fcgyfelekhez val\u00f3 egy\u00e9ni hozz\u00e1\u00e1ll\u00e1sr\u00f3l vagyunk ismertek. Ennek k\u00f6sz\u00f6nhet\u0151en C\u00e9g\u00fcnk [&hellip;]<\/p>\n","protected":false},"author":1,"featured_media":0,"parent":0,"menu_order":0,"comment_status":"closed","ping_status":"closed","template":"","meta":{"_et_pb_use_builder":"on","_et_pb_old_content":"","_et_gb_content_width":"","footnotes":""},"yoast_head":"<!-- This site is optimized with the Yoast SEO plugin v21.5 - https:\/\/yoast.com\/wordpress\/plugins\/seo\/ -->\n<title>R\u00f3lunk - Pecho<\/title>\n<meta name=\"robots\" content=\"index, follow, max-snippet:-1, max-image-preview:large, max-video-preview:-1\" \/>\n<link rel=\"canonical\" href=\"https:\/\/pecho.hr\/hu\/rolunk\/\" \/>\n<meta property=\"og:locale\" content=\"hu_HU\" \/>\n<meta property=\"og:type\" content=\"article\" \/>\n<meta property=\"og:title\" content=\"R\u00f3lunk - Pecho\" \/>\n<meta property=\"og:description\" content=\"R\u00f3lunk \u2013 kik vagyunk mi?Mi vagyunk a Pecho, egy 1968-ban alap\u00edtott, \u00f6tven\u00e9ves hagyom\u00e1nyokra \u00e9p\u00fcl\u0151 v\u00e1llalkoz\u00e1s. K\u00e1belkonfekcion\u00e1l\u00e1ssal, aut\u00f3ipari, mez\u0151gazdas\u00e1gi \u00e9s villamosipari alkatr\u00e9szek gy\u00e1rt\u00e1s\u00e1val, valamint m\u0171anyag fr\u00f6ccs\u00f6nt\u00e9ssel foglalkozunk. Minden term\u00e9k\u00fcnket f\u00fcggetlen\u00fcl fejlesztj\u00fck \u00e9s gy\u00e1rtjuk gy\u00e1runkban. A sz\u00e9les term\u00e9kv\u00e1laszt\u00e9k mellett a magas term\u00e9kmin\u0151s\u00e9gr\u0151l, a gyors kiszolg\u00e1l\u00e1sr\u00f3l \u00e9s az egyes \u00fcgyfelekhez val\u00f3 egy\u00e9ni hozz\u00e1\u00e1ll\u00e1sr\u00f3l vagyunk ismertek. Ennek k\u00f6sz\u00f6nhet\u0151en C\u00e9g\u00fcnk [&hellip;]\" \/>\n<meta property=\"og:url\" content=\"https:\/\/pecho.hr\/hu\/rolunk\/\" \/>\n<meta property=\"og:site_name\" content=\"Pecho\" \/>\n<meta property=\"article:modified_time\" content=\"2025-02-13T00:09:12+00:00\" \/>\n<meta property=\"og:image\" content=\"https:\/\/pecho.hr\/wp-content\/uploads\/2023\/02\/66.jpg\" \/>\n\t<meta property=\"og:image:width\" content=\"1000\" \/>\n\t<meta property=\"og:image:height\" content=\"648\" \/>\n\t<meta property=\"og:image:type\" content=\"image\/jpeg\" \/>\n<meta name=\"twitter:card\" content=\"summary_large_image\" \/>\n<meta name=\"twitter:label1\" content=\"Becs\u00fclt olvas\u00e1si id\u0151\" \/>\n\t<meta name=\"twitter:data1\" content=\"8 perc\" \/>\n<script type=\"application\/ld+json\" class=\"yoast-schema-graph\">{\"@context\":\"https:\/\/schema.org\",\"@graph\":[{\"@type\":\"WebPage\",\"@id\":\"https:\/\/pecho.hr\/hu\/rolunk\/\",\"url\":\"https:\/\/pecho.hr\/hu\/rolunk\/\",\"name\":\"R\u00f3lunk - Pecho\",\"isPartOf\":{\"@id\":\"https:\/\/pecho.hr\/hu\/#website\"},\"datePublished\":\"2022-10-14T11:50:17+00:00\",\"dateModified\":\"2025-02-13T00:09:12+00:00\",\"breadcrumb\":{\"@id\":\"https:\/\/pecho.hr\/hu\/rolunk\/#breadcrumb\"},\"inLanguage\":\"hu\",\"potentialAction\":[{\"@type\":\"ReadAction\",\"target\":[\"https:\/\/pecho.hr\/hu\/rolunk\/\"]}]},{\"@type\":\"BreadcrumbList\",\"@id\":\"https:\/\/pecho.hr\/hu\/rolunk\/#breadcrumb\",\"itemListElement\":[{\"@type\":\"ListItem\",\"position\":1,\"name\":\"Po\u010detna stranica\",\"item\":\"https:\/\/pecho.hr\/hu\/\"},{\"@type\":\"ListItem\",\"position\":2,\"name\":\"R\u00f3lunk\"}]},{\"@type\":\"WebSite\",\"@id\":\"https:\/\/pecho.hr\/hu\/#website\",\"url\":\"https:\/\/pecho.hr\/hu\/\",\"name\":\"Pecho\",\"description\":\"konfekcioniranje kablova i brizganje plastike\",\"publisher\":{\"@id\":\"https:\/\/pecho.hr\/hu\/#organization\"},\"potentialAction\":[{\"@type\":\"SearchAction\",\"target\":{\"@type\":\"EntryPoint\",\"urlTemplate\":\"https:\/\/pecho.hr\/hu\/?s={search_term_string}\"},\"query-input\":\"required name=search_term_string\"}],\"inLanguage\":\"hu\"},{\"@type\":\"Organization\",\"@id\":\"https:\/\/pecho.hr\/hu\/#organization\",\"name\":\"Pecho\",\"url\":\"https:\/\/pecho.hr\/hu\/\",\"logo\":{\"@type\":\"ImageObject\",\"inLanguage\":\"hu\",\"@id\":\"https:\/\/pecho.hr\/hu\/#\/schema\/logo\/image\/\",\"url\":\"https:\/\/pecho.hr\/wp-content\/uploads\/2022\/11\/2.svg\",\"contentUrl\":\"https:\/\/pecho.hr\/wp-content\/uploads\/2022\/11\/2.svg\",\"width\":1,\"height\":1,\"caption\":\"Pecho\"},\"image\":{\"@id\":\"https:\/\/pecho.hr\/hu\/#\/schema\/logo\/image\/\"}}]}<\/script>\n<!-- \/ Yoast SEO plugin. -->","yoast_head_json":{"title":"R\u00f3lunk - Pecho","robots":{"index":"index","follow":"follow","max-snippet":"max-snippet:-1","max-image-preview":"max-image-preview:large","max-video-preview":"max-video-preview:-1"},"canonical":"https:\/\/pecho.hr\/hu\/rolunk\/","og_locale":"hu_HU","og_type":"article","og_title":"R\u00f3lunk - Pecho","og_description":"R\u00f3lunk \u2013 kik vagyunk mi?Mi vagyunk a Pecho, egy 1968-ban alap\u00edtott, \u00f6tven\u00e9ves hagyom\u00e1nyokra \u00e9p\u00fcl\u0151 v\u00e1llalkoz\u00e1s. K\u00e1belkonfekcion\u00e1l\u00e1ssal, aut\u00f3ipari, mez\u0151gazdas\u00e1gi \u00e9s villamosipari alkatr\u00e9szek gy\u00e1rt\u00e1s\u00e1val, valamint m\u0171anyag fr\u00f6ccs\u00f6nt\u00e9ssel foglalkozunk. Minden term\u00e9k\u00fcnket f\u00fcggetlen\u00fcl fejlesztj\u00fck \u00e9s gy\u00e1rtjuk gy\u00e1runkban. A sz\u00e9les term\u00e9kv\u00e1laszt\u00e9k mellett a magas term\u00e9kmin\u0151s\u00e9gr\u0151l, a gyors kiszolg\u00e1l\u00e1sr\u00f3l \u00e9s az egyes \u00fcgyfelekhez val\u00f3 egy\u00e9ni hozz\u00e1\u00e1ll\u00e1sr\u00f3l vagyunk ismertek. Ennek k\u00f6sz\u00f6nhet\u0151en C\u00e9g\u00fcnk [&hellip;]","og_url":"https:\/\/pecho.hr\/hu\/rolunk\/","og_site_name":"Pecho","article_modified_time":"2025-02-13T00:09:12+00:00","og_image":[{"width":1000,"height":648,"url":"https:\/\/pecho.hr\/wp-content\/uploads\/2023\/02\/66.jpg","type":"image\/jpeg"}],"twitter_card":"summary_large_image","twitter_misc":{"Becs\u00fclt olvas\u00e1si id\u0151":"8 perc"},"schema":{"@context":"https:\/\/schema.org","@graph":[{"@type":"WebPage","@id":"https:\/\/pecho.hr\/hu\/rolunk\/","url":"https:\/\/pecho.hr\/hu\/rolunk\/","name":"R\u00f3lunk - Pecho","isPartOf":{"@id":"https:\/\/pecho.hr\/hu\/#website"},"datePublished":"2022-10-14T11:50:17+00:00","dateModified":"2025-02-13T00:09:12+00:00","breadcrumb":{"@id":"https:\/\/pecho.hr\/hu\/rolunk\/#breadcrumb"},"inLanguage":"hu","potentialAction":[{"@type":"ReadAction","target":["https:\/\/pecho.hr\/hu\/rolunk\/"]}]},{"@type":"BreadcrumbList","@id":"https:\/\/pecho.hr\/hu\/rolunk\/#breadcrumb","itemListElement":[{"@type":"ListItem","position":1,"name":"Po\u010detna stranica","item":"https:\/\/pecho.hr\/hu\/"},{"@type":"ListItem","position":2,"name":"R\u00f3lunk"}]},{"@type":"WebSite","@id":"https:\/\/pecho.hr\/hu\/#website","url":"https:\/\/pecho.hr\/hu\/","name":"Pecho","description":"konfekcioniranje kablova i brizganje plastike","publisher":{"@id":"https:\/\/pecho.hr\/hu\/#organization"},"potentialAction":[{"@type":"SearchAction","target":{"@type":"EntryPoint","urlTemplate":"https:\/\/pecho.hr\/hu\/?s={search_term_string}"},"query-input":"required name=search_term_string"}],"inLanguage":"hu"},{"@type":"Organization","@id":"https:\/\/pecho.hr\/hu\/#organization","name":"Pecho","url":"https:\/\/pecho.hr\/hu\/","logo":{"@type":"ImageObject","inLanguage":"hu","@id":"https:\/\/pecho.hr\/hu\/#\/schema\/logo\/image\/","url":"https:\/\/pecho.hr\/wp-content\/uploads\/2022\/11\/2.svg","contentUrl":"https:\/\/pecho.hr\/wp-content\/uploads\/2022\/11\/2.svg","width":1,"height":1,"caption":"Pecho"},"image":{"@id":"https:\/\/pecho.hr\/hu\/#\/schema\/logo\/image\/"}}]}},"_links":{"self":[{"href":"https:\/\/pecho.hr\/hu\/wp-json\/wp\/v2\/pages\/32922"}],"collection":[{"href":"https:\/\/pecho.hr\/hu\/wp-json\/wp\/v2\/pages"}],"about":[{"href":"https:\/\/pecho.hr\/hu\/wp-json\/wp\/v2\/types\/page"}],"author":[{"embeddable":true,"href":"https:\/\/pecho.hr\/hu\/wp-json\/wp\/v2\/users\/1"}],"replies":[{"embeddable":true,"href":"https:\/\/pecho.hr\/hu\/wp-json\/wp\/v2\/comments?post=32922"}],"version-history":[{"count":2,"href":"https:\/\/pecho.hr\/hu\/wp-json\/wp\/v2\/pages\/32922\/revisions"}],"predecessor-version":[{"id":32924,"href":"https:\/\/pecho.hr\/hu\/wp-json\/wp\/v2\/pages\/32922\/revisions\/32924"}],"wp:attachment":[{"href":"https:\/\/pecho.hr\/hu\/wp-json\/wp\/v2\/media?parent=32922"}],"curies":[{"name":"wp","href":"https:\/\/api.w.org\/{rel}","templated":true}]}}